{"id":2757,"date":"2016-11-08T14:11:05","date_gmt":"2016-11-08T14:11:05","guid":{"rendered":"https:\/\/nommontu.largosmile.es\/about-us"},"modified":"2024-02-06T15:47:09","modified_gmt":"2024-02-06T15:47:09","slug":"nosotros","status":"publish","type":"page","link":"https:\/\/nommontu.org\/es\/nosotros","title":{"rendered":"Sobre nosotros"},"content":{"rendered":"<p>[vc_row full_width=\u00bbstretch_row\u00bb css=\u00bb.vc_custom_1685355101031{margin-top: -30px !important;margin-bottom: 0px !important;padding-top: 150px !important;padding-bottom: 150px !important;background-color: #bba593 !important;}\u00bb][vc_column width=\u00bb1\/4&#8243;][\/vc_column][vc_column width=\u00bb1\/2&#8243;][vc_column_text]<\/p>\n<h1 style=\"text-align: center; color: #fff;\">SOBRE NOSOTROS<\/h1>\n<p>[\/vc_column_text][\/vc_column][vc_column width=\u00bb1\/4&#8243;][\/vc_column][\/vc_row][vc_row full_width=\u00bbstretch_row\u00bb css=\u00bb.vc_custom_1689263754475{padding-top: 40px !important;}\u00bb el_id=\u00bbmission\u00bb][vc_column width=\u00bb1\/4&#8243;][\/vc_column][vc_column width=\u00bb1\/2&#8243;][vc_column_text]<\/p>\n<h2 class=\"titulo-corporativo\" style=\"text-align: center;\">Nuestra misi\u00f3n<span class=\"text-primary\">.<\/span><\/h2>\n<p class=\"parrafo-destacado\">La Fundaci\u00f3n Nommontu invierte en los medios de subsistencia, la creatividad y el bienestar de mujeres y ni\u00f1as, refugiados y otras poblaciones desplazadas para promover los derechos humanos, la dignidad y la igualdad para todos.<\/p>\n<p>[\/vc_column_text][\/vc_column][vc_column width=\u00bb1\/4&#8243;][\/vc_column][\/vc_row][vc_row full_width=\u00bbstretch_row\u00bb css=\u00bb.vc_custom_1685357201631{padding-top: 40px !important;}\u00bb][vc_column width=\u00bb1\/4&#8243;][\/vc_column][vc_column width=\u00bb1\/2&#8243;][vc_column_text]<\/p>\n<h2 class=\"titulo-corporativo\" style=\"text-align: center;\">Nuestros valores<span class=\"text-primary\">.<\/span><\/h2>\n<p>[\/vc_column_text][vc_raw_html]JTNDZGl2JTIwY2xhc3MlM0QlMjJibG9xdWUtaWNvbm8lMjIlM0UlMEElM0NpbWclMjBzcmMlM0QlMjIlMkZ3cC1jb250ZW50JTJGdXBsb2FkcyUyRjIwMjMlMkYwNSUyRmhlbHAucG5nJTIyJTNFJTBBJTNDaDQlM0VDb211bmlkYWQlMjB5JTIwUmVsYWNpb25lcyUzQyUyRmg0JTNFJTBBJTNDcCUyMGNsYXNzJTNEJTIycGFycmFmby1kZXN0YWNhZG8lMjIlM0VUcmFiYWphbW9zJTIwZW4lMjBlcXVpcG8lMjBwYXJhJTIwYWxjYW56YXIlMjB1biUyMG9iamV0aXZvJTIwY29tJUMzJUJBbi4lMjBOb3MlMjBlc2ZvcnphbW9zJTIwZW4lMjBjcmVhciUyMHYlQzMlQURuY3Vsb3MlMjBmaXJtZXMlMjBjb24lMjB0b2RhcyUyMGxhcyUyMHBhcnRlcyUyMGltcGxpY2FkYXMlMkMlMjBkZSUyMHByaW5jaXBpbyUyMGElMjBmaW4uJTIwJTNDcCUzRSUwQSUzQyUyRmRpdiUzRSUwQSUzQ2RpdiUyMGNsYXNzJTNEJTIyYmxvcXVlLWljb25vJTIyJTNFJTBBJTNDaW1nJTIwc3JjJTNEJTIyJTJGd3AtY29udGVudCUyRnVwbG9hZHMlMkYyMDIzJTJGMDUlMkZhZGFwdGFiaWxpdHkucG5nJTIyJTNFJTBBJTNDaDQlM0VBZGFwdGFiaWxpZGFkJTNDJTJGaDQlM0UlMEElM0NwJTIwY2xhc3MlM0QlMjJwYXJyYWZvLWRlc3RhY2FkbyUyMiUzRUxhJTIwZmxleGliaWxpZGFkJTIwZm9ybWElMjBwYXJ0ZSUyMGRlJTIwbnVlc3RyYSUyMGVzZW5jaWElMjB5JTIwY29uc2lkZXJhbW9zJTIwdG9kYXMlMjBsYXMlMjBvcGluaW9uZXMlMkMlMjB5YSUyMG5vJTIwcGFyYSUyMGNvbnRlc3RhciUyMHNpbm8lMjBwYXJhJTIwZW50ZW5kZXIlMjB5JTIwcmVzcG9uZGVyJTIwYSUyMHN1cyUyMG5lY2VzaWRhZGVzLiUzQ3AlM0UlMEElM0MlMkZkaXYlM0UlMEElM0NkaXYlMjBjbGFzcyUzRCUyMmJsb3F1ZS1pY29ubyUyMiUzRSUwQSUzQ2ltZyUyMHNyYyUzRCUyMiUyRndwLWNvbnRlbnQlMkZ1cGxvYWRzJTJGMjAyMyUyRjA1JTJGc3VzdGFpbmFiaWxpdHkucG5nJTIyJTNFJTBBJTNDaDQlM0VTb3N0ZW5pYmlsaWRhZCUzQyUyRmg0JTNFJTBBJTNDcCUyMGNsYXNzJTNEJTIycGFycmFmby1kZXN0YWNhZG8lMjIlM0VBZGVtJUMzJUExcyUyMGRlJTIwbGFzJTIwc29sdWNpb25lcyUyMGElMjBjb3J0byUyMHBsYXpvJTJDJTIwbm9zJTIwZXNmb3J6YW1vcyUyMGVuJTIwaXIlMjBtJUMzJUExcyUyMGFsbCVDMyVBMSUyMGRlJTIwbGElMjBzdXBlcmZpY2llJTIweSUyMGFib3JkYW1vcyUyMGxhcyUyMGNhdXNhcyUyMHByb2Z1bmRhcyUyMGRlJTIwbG9zJTIwcHJvYmxlbWFzJTIweSUyMGxhcyUyMGRpZmljdWx0YWRlcyUyMHBhcmElMjBjb25zZWd1aXIlMjByZXN1bHRhZG9zJTIwYSUyMGxhcmdvJTIwcGxhem8lMjBxdWUlMjBjb25sbGV2ZW4lMjB1biUyMGNhbWJpbyUyMHJlYWwuJTNDcCUzRSUwQSUzQyUyRmRpdiUzRSUwQSUzQ2RpdiUyMGNsYXNzJTNEJTIyYmxvcXVlLWljb25vJTIyJTNFJTBBJTNDaW1nJTIwc3JjJTNEJTIyJTJGd3AtY29udGVudCUyRnVwbG9hZHMlMkYyMDIzJTJGMDUlMkZjb21wYXNzaW9uLnBuZyUyMiUzRSUwQSUzQ2g0JTNFQ29tcGFzaSVDMyVCM24lM0MlMkZoNCUzRSUwQSUzQ3AlMjBjbGFzcyUzRCUyMnBhcnJhZm8tZGVzdGFjYWRvJTIyJTNFTGElMjBjb21wYXNpJUMzJUIzbiUyQyUyMGVudGVuZGlkYSUyMHNpZW1wcmUlMjBkZSUyMG1hbmVyYSUyMGhvcml6b250YWwlMkMlMjBlcyUyMHVubyUyMGRlJTIwbG9zJTIwcHVudGFsZXMlMjBkZSUyMG51ZXN0cm8lMjB0cmFiYWpvJTNCJTIwbm9zJTIwcHJlb2N1cGFtb3MlMjBzaW5jZXJhJTIweSUyMGRlc2ludGVyZXNhZGFtZW50ZSUyMHBvciUyMGVsJTIwYmllbmVzdGFyJTIwZGUlMjB0b2Rvcy4lM0NwJTNFJTBBJTNDJTJGZGl2JTNF[\/vc_raw_html][\/vc_column][vc_column width=\u00bb1\/4&#8243;][\/vc_column][\/vc_row][vc_row full_width=\u00bbstretch_row\u00bb css=\u00bb.vc_custom_1689263774200{padding-top: 40px !important;}\u00bb el_id=\u00bbfounder\u00bb][vc_column width=\u00bb1\/4&#8243;][\/vc_column][vc_column width=\u00bb1\/2&#8243;][vc_column_text]<\/p>\n<h2 class=\"titulo-corporativo\" style=\"text-align: center;\">Nuestra fundadora<span class=\"text-primary\">.<\/span><\/h2>\n<p>Con un gran amor por la humanidad heredado de una familia multireligiosa y multicultural, Marisa M\u00fcller cre\u00f3 la Fundaci\u00f3n Nommontu. Luchadora y optimista incansable Marisa ha sabido dar salida a sus inquietudes enfoc\u00e1ndose en hacer de este mundo un lugar mejor.<\/p>\n<p class=\"parrafo-destacado\">Reci\u00e9n\u00a0licenciada, Marisa se dedic\u00f3 a hacer reportajes sobre pa\u00edses africanos para diferentes publicaciones (Forbes e International Herald Tribune, entre otros); posteriormente cuando acab\u00f3 su m\u00e1ster en Desarrollo Internacional, se uni\u00f3 al equipo de M\u00e9dicos Sin Fronteras (MSF) y despu\u00e9s al Comit\u00e9 Internacional de la Cruz Roja (CICR) con el que sigui\u00f3 trabajando en \u00c1frica, adem\u00e1s de Asia Oriental y Oriente Medio. La experiencia de esos a\u00f1os, todo lo que vio y vivi\u00f3, soport\u00f3 y aprendi\u00f3, la marc\u00f3 profundamente y la llev\u00f3 a multiplicar sus iniciativas filantr\u00f3picas.<\/p>\n<p class=\"parrafo-destacado\">El amor por la humanidad en el sentido m\u00e1s amplio por parte de su abuelo y su gran generosidad, la llevaron a crear la Fundaci\u00f3n Nommontu, que en kikongo significa \u00abunidad de todos los seres vivos\u201d y que refleja y simboliza su esencia. Desde sus or\u00edgenes, Nommontu ha apoyado y financiado organizaciones centradas en la educaci\u00f3n de las ni\u00f1as, la resoluci\u00f3n de conflictos y el acceso a la sanidad, principalmente en Oriente Medio y \u00c1frica Occidental. Por otra parte, siguiendo el legado de su padre y en su honor, la fundaci\u00f3n dedica parte de sus esfuerzos a la protecci\u00f3n ambiental y de los animales.<\/p>\n<p>[\/vc_column_text][\/vc_column][vc_column width=\u00bb1\/4&#8243;][\/vc_column][\/vc_row][vc_row full_width=\u00bbstretch_row\u00bb css=\u00bb.vc_custom_1685357201631{padding-top: 40px !important;}\u00bb][vc_column width=\u00bb1\/4&#8243;][\/vc_column][vc_column width=\u00bb1\/2&#8243;][vc_column_text]<\/p>\n<h2 class=\"titulo-corporativo\" style=\"text-align: center;\">Nuestra historia<span class=\"text-primary\">.<\/span><\/h2>\n<p class=\"parrafo-destacado\">Joseph Handleman, abuelo, ejemplo y orgullo de Marisa, conoci\u00f3 muy de cerca la pobreza, pero supo afrontar la vida con gran valent\u00eda y tenacidad y logr\u00f3 superarla; fue una persona emp\u00e1tica y compasiva que supo entender y mitigar el sufrimiento de otros dedic\u00e1ndose a ayudar tanto a personas como a instituciones.<\/p>\n<p class=\"parrafo-destacado\">Joe naci\u00f3 en Buffalo, NY en el seno de una familia de seis hermanos, de los que \u00e9l era el mayor. Con tan solo siete a\u00f1os vend\u00eda peri\u00f3dicos en la ciudad de Detroit para mantener a su madre y a sus cinco hermanos. Las calles fueron su escuela, pero tambi\u00e9n multiplicaron su determinaci\u00f3n de ser fuerte y de alzar la voz para luchar contra la exclusi\u00f3n, la indiferencia y la falta de oportunidades de los menos favorecidos.\u00a0 Su imaginaci\u00f3n y su inteligencia lo llevaron a montar su propio negocio y a ser pionero en merchandising y marketing; empez\u00f3 con productos de salud y belleza y m\u00e1s tarde su empresa se convirti\u00f3 en la primera y m\u00e1s importante comercializadora de m\u00fasica de forma masiva en Norteam\u00e9rica.<\/p>\n<p class=\"parrafo-destacado\">.<\/p>\n<p>[\/vc_column_text][\/vc_column][vc_column width=\u00bb1\/4&#8243;][\/vc_column][\/vc_row][vc_row full_width=\u00bbstretch_row\u00bb css=\u00bb.vc_custom_1685547018860{padding-top: 0px !important;}\u00bb][vc_column width=\u00bb3\/12&#8243;][\/vc_column][vc_column width=\u00bb3\/12&#8243;][vc_single_image image=\u00bb2207&#8243; img_size=\u00bbfull\u00bb el_class=\u00bbwidth-100&#8243;][\/vc_column][vc_column width=\u00bb3\/12&#8243;][vc_column_text]A pesar de ser presidente y director general durante treinta y dos a\u00f1os, Joe Handleman nunca dej\u00f3 de tener presente a marginados y desfavorecidos, en ning\u00fan sentido. Su lema fue siempre que \u201clos privilegiados heredan la responsabilidad\u201d y demostr\u00f3 su amor y su inmensa generosidad a lo largo de toda su vida.[\/vc_column_text][\/vc_column][vc_column width=\u00bb3\/12&#8243;][\/vc_column][\/vc_row][vc_row full_width=\u00bbstretch_row\u00bb css=\u00bb.vc_custom_1689263797474{margin-top: 30px !important;margin-bottom: 0px !important;padding-top: 100px !important;padding-bottom: 100px !important;background-color: #bba593 !important;}\u00bb el_id=\u00bbfinancials\u00bb][vc_column width=\u00bb1\/4&#8243;][\/vc_column][vc_column width=\u00bb1\/2&#8243;][vc_column_text]<\/p>\n<h3 class=\"titulo-bloque white\" style=\"color: #fff; text-align: center; padding-bottom: 30px;\">TRANSPARENCIA FINANCIERA<\/h3>\n<p style=\"text-align: center; color: #000; font-size: 20px;\">Las copias de nuestras declaraciones de impuestos est\u00e1n disponibles a trav\u00e9s de <b><br \/>\n<i>El Centro de la Fundaci\u00f3n<\/i><br \/>\n<\/b>.<\/p>\n<p>[\/vc_column_text][vc_raw_html]PGRpdiBzdHlsZT0iZmxvYXQ6IGxlZnQ7IHBvc2l0aW9uOiByZWxhdGl2ZTsgd2lkdGg6IDEwMCU7IHRleHQtYWxpZ246IGNlbnRlcjsiPgogICAgPGEgaHJlZj0iaHR0cHM6Ly9iZXRhLmNhbmRpZC5vcmcvc2VhcmNoP2tleXdvcmQ9dGhlK25vbW1vbnR1K2ZvdW5kYXRpb24rIiB0YXJnZXQ9Il9ibGFuayIgY2xhc3M9ImJ0biI+cHVsc2UgYXF1w60gIDxpIGNsYXNzPSJpY29uLW5leHQiPjwvaT48L2E+CjwvZGl2Pg==[\/vc_raw_html][\/vc_column][vc_column width=\u00bb1\/4&#8243;][\/vc_column][\/vc_row]<\/p>\n","protected":false},"excerpt":{"rendered":"<p>[vc_column width=\u00bb1\/2&#8243;][vc_column_text] Nuestra misi\u00f3n. La Fundaci\u00f3n Nommontu invierte en los medios de subsistencia, la creatividad y el bienestar de mujeres y ni\u00f1as, refugiados y otras poblaciones desplazadas para promover los derechos [&hellip;]<\/p>\n","protected":false},"author":1,"featured_media":0,"parent":0,"menu_order":0,"comment_status":"closed","ping_status":"closed","template":"template-fullwidth.php","meta":[],"_links":{"self":[{"href":"https:\/\/nommontu.org\/es\/wp-json\/wp\/v2\/pages\/2757"}],"collection":[{"href":"https:\/\/nommontu.org\/es\/wp-json\/wp\/v2\/pages"}],"about":[{"href":"https:\/\/nommontu.org\/es\/wp-json\/wp\/v2\/types\/page"}],"author":[{"embeddable":true,"href":"https:\/\/nommontu.org\/es\/wp-json\/wp\/v2\/users\/1"}],"replies":[{"embeddable":true,"href":"https:\/\/nommontu.org\/es\/wp-json\/wp\/v2\/comments?post=2757"}],"version-history":[{"count":10,"href":"https:\/\/nommontu.org\/es\/wp-json\/wp\/v2\/pages\/2757\/revisions"}],"predecessor-version":[{"id":2942,"href":"https:\/\/nommontu.org\/es\/wp-json\/wp\/v2\/pages\/2757\/revisions\/2942"}],"wp:attachment":[{"href":"https:\/\/nommontu.org\/es\/wp-json\/wp\/v2\/media?parent=2757"}],"curies":[{"name":"wp","href":"https:\/\/api.w.org\/{rel}","templated":true}]}}