{"id":2761,"date":"2016-11-09T09:52:23","date_gmt":"2016-11-09T09:52:23","guid":{"rendered":"https:\/\/nommontu.largosmile.es\/our-portfolio"},"modified":"2024-02-06T15:50:28","modified_gmt":"2024-02-06T15:50:28","slug":"nuestro-portafolio","status":"publish","type":"page","link":"https:\/\/nommontu.org\/es\/nuestro-portafolio","title":{"rendered":"Nuestro portafolio"},"content":{"rendered":"<p>[vc_row full_width=\u00bbstretch_row\u00bb css=\u00bb.vc_custom_1685351755161{margin-top: -30px !important;margin-bottom: 0px !important;padding-top: 150px !important;padding-bottom: 150px !important;background-color: #bba593 !important;}\u00bb][vc_column width=\u00bb1\/4&#8243;][\/vc_column][vc_column width=\u00bb1\/2&#8243;][vc_column_text]<\/p>\n<h1 style=\"text-align: center; color: #fff;\">NUESTRO PORTAFOLIO<\/h1>\n<p>[\/vc_column_text][vc_column_text css=\u00bb.vc_custom_1696435042405{padding-top: 50px !important;}\u00bb]<\/p>\n<h3 style=\"text-align: center; color: #fff;\">CONCESI\u00d3N DE SUBVENCIONES<\/h3>\n<p style=\"text-align: center; color: #fff;\">Intentamos siempre dirigir nuestras subvenciones y ayudas a organizaciones que est\u00e9n alineadas con nuestras prioridades y que demuestren una organizaci\u00f3n interna correcta. Concedemos subvenciones principalmente a organizaciones comunitarias de Oriente Medio y \u00c1frica Occidental enfocadas en las siguientes \u00e1reas:<\/p>\n<p>[\/vc_column_text][\/vc_column][vc_column width=\u00bb1\/4&#8243;][\/vc_column][\/vc_row][vc_row full_width=\u00bbstretch_row_content_no_spaces\u00bb css=\u00bb.vc_custom_1687962041392{margin-top: -35px !important;}\u00bb el_class=\u00bbfilas-proyectos\u00bb][vc_column width=\u00bb1\/3&#8243;][vc_raw_html]JTNDZGl2JTIwY2xhc3MlM0QlMjJibG9xdWUtcHJveWVjdG8lMjIlM0UlMEElM0NpbWclMjBzcmMlM0QlMjIlMkZ3cC1jb250ZW50JTJGdXBsb2FkcyUyRjIwMjMlMkYwNiUyRm5vbW1vbnR1LXByb3llY3RvLTEuanBnJTIyJTNFJTBBJTNDZGl2JTIwY2xhc3MlM0QlMjJibG9xdWUtcHJveWVjdG8tY29udGVuaWRvJTIyJTNFJTBBJTNDaDMlM0VQUk9NT1ZFTU9TJTIwTEElMjBTQUxVRCUyMFklMjBMT1MlMjBERVJFQ0hPUyUyMEhVTUFOT1MlMkMlMjBFU1BFQ0lBTE1FTlRFJTIwREUlMjBMQVMlMjBNVUpFUkVTJTIwWSUyMExBUyUyME5JJUMzJTkxQVMlM0MlMkZoMyUzRSUwQSUzQ3AlM0VQcm9tb3ZlbW9zJTIwbGElMjBzYWx1ZCUyMG0lQzMlQTFzJTIwYWxsJUMzJUExJTIwZGVsJTIwY2FtcG8lMjBtJUMzJUE5ZGljbyUyMHklMjBkZWZlbmRlbW9zJTIwbG9zJTIwZGVyZWNob3MlMjBodW1hbm9zJTJDJTIwZXNwZWNpYWxtZW50ZSUyMGRlJTIwbXVqZXJlcyUyMHklMjBuaSVDMyVCMWFzLiUyME5vJTIwaGF5JTIwZHVkYSUyMGRlJTIwcXVlJTIwc2klMjBtdWplcmVzJTIweSUyMG5pJUMzJUIxYXMlMjB0aWVuZW4lMjBhY2Nlc28lMjBhJTIwdW5hJTIwZWR1Y2FjaSVDMyVCM24lMjBkZSUyMGNhbGlkYWQlMkMlMjBhJTIwdW5hJTIwYXRlbmNpJUMzJUIzbiUyMHNhbml0YXJpYSUyMGFkZWN1YWRhJTIweSUyMHNlJTIwbGVzJTIwYnJpbmRhbiUyMG9wb3J0dW5pZGFkZXMlMjBlY29uJUMzJUIzbWljYXMlMkMlMjBjb25zZWd1aW1vcyUyMHF1ZSUyMHByb3NwZXJlbiUyMGVsbGFzJTJDJTIwc3VzJTIwZmFtaWxpYXMlMjB5JTIwc3VzJTIwY29tdW5pZGFkZXMuJTIwJTIwTnVlc3RybyUyMHNvcG9ydGUlMjBzZSUyMGNlbnRyYSUyMGVuJTIwaW50ZXJ2ZW5jaW9uZXMlMjBxdWUlMjBkZXJyaWJlbiUyMG9ic3QlQzMlQTFjdWxvcyUyMHklMjByb21wYW4lMjBiYXJyZXJhcyUyMGElMjBsYXMlMjBxdWUlMjBtdWplcmVzJTIweSUyMG5pJUMzJUIxYXMlMjBzZSUyMGVuZnJlbnRhbiUyMGElMjBkaWFyaW8lMjBlbiUyMHN1cyUyMGNvbXVuaWRhZGVzLiUyMCUzQyUyRnAlM0UlMEElM0MlMkZkaXYlM0UlMEElM0MlMkZkaXYlM0U=[\/vc_raw_html][\/vc_column][vc_column width=\u00bb1\/3&#8243;][vc_raw_html]JTNDZGl2JTIwY2xhc3MlM0QlMjJibG9xdWUtcHJveWVjdG8lMjIlM0UlMEElM0NpbWclMjBzcmMlM0QlMjIlMkZ3cC1jb250ZW50JTJGdXBsb2FkcyUyRjIwMjMlMkYwNiUyRm5vbW1vbnR1LXByb3llY3RvLTIuanBnJTIyJTNFJTBBJTNDZGl2JTIwY2xhc3MlM0QlMjJibG9xdWUtcHJveWVjdG8tY29udGVuaWRvJTIyJTNFJTBBJTNDaDMlM0VBUE9ZQU1PUyUyMEElMjBMT1MlMjBSRUZVR0lBRE9TJTIwWSUyME9UUkFTJTIwUE9CTEFDSU9ORVMlMjBERVNQTEFaQURBUyUzQyUyRmgzJTNFJTBBJTNDcCUzRUFwb3lhbW9zJTIwYSUyMGxvcyUyMHJlZnVnaWFkb3MlMjB5JTIwYSUyMHBvYmxhY2lvbmVzJTIwZGVzcGxhemFkYXMlMjBwYXJhJTIwZ2FyYW50aXphcmxlcyUyMHVuYSUyMHZpZGElMjBkaWduYS4lMjBSZXNwYWxkYW1vcyUyMGElMjBvcmdhbml6YWNpb25lcyUyMHF1ZSUyMGFjb2dlbiUyMHklMjBhdGllbmRlbiUyMGElMjByZWZ1Z2lhZG9zJTIweSUyMGElMjBvdHJhcyUyMHBlcnNvbmFzJTIwcXVlJTIwaGFuJTIwaHVpZG8lMjBkZSUyMGxhJTIwZ3VlcnJhJTIwcXVlJTIwYXNvbGElMjBzdXMlMjBwYSVDMyVBRHNlcyUzQiUyMG5vcyUyMGNlbnRyYW1vcyUyMGVzcGVjaWFsbWVudGUlMjBlbiUyMGxhJTIwc2VndXJpZGFkJTIweSUyMGxvcyUyMG1lZGlvcyUyMGRlJTIwc3Vic2lzdGVuY2lhJTIwZGUlMjBtdWplcmVzJTIweSUyMG5pJUMzJUIxYXMuJTBBJTNDJTJGcCUzRSUwQSUzQyUyRmRpdiUzRSUwQSUzQyUyRmRpdiUzRQ==[\/vc_raw_html][\/vc_column][vc_column width=\u00bb1\/3&#8243;][vc_raw_html]JTNDZGl2JTIwY2xhc3MlM0QlMjJibG9xdWUtcHJveWVjdG8lMjIlM0UlMEElM0NpbWclMjBzcmMlM0QlMjIlMkZ3cC1jb250ZW50JTJGdXBsb2FkcyUyRjIwMjMlMkYwNiUyRm5vbW1vbnR1LXByb3llY3RvLTMuanBnJTIyJTNFJTBBJTNDZGl2JTIwY2xhc3MlM0QlMjJibG9xdWUtcHJveWVjdG8tY29udGVuaWRvJTIyJTNFJTBBJTNDaDMlM0VBQlJBWkFNT1MlMjBZJTIwRk9STUFNT1MlMjBBJTIwTlVFVk9TJTIwQVJUSVNUQVMlMjBZJTIwTkFSUkFET1JFUyUzQyUyRmgzJTNFJTBBJTNDcCUzRUVsJTIwYXJ0ZSUyMGVzJTIwdW5hJTIwZm9ybWElMjBubyUyMHZlcmJhbCUyMGRlJTIwY29tdW5pY2FjaSVDMyVCM24lMjBxdWUlMjB0aWVuZSUyMG0lQzMlQkFsdGlwbGVzJTIwdmVudGFqYXMlMjBwYXJhJTIwbG9zJTIwc2VyZXMlMjBodW1hbm9zJTIweSUyMG5vc290cm9zJTIwaW50ZW50YW1vcyUyMGZvbWVudGFybG8lMjBlbiUyMGxhJTIwbWVkaWRhJTIwZGUlMjBsbyUyMHBvc2libGUuJTIwTGElMjBleHByZXNpJUMzJUIzbiUyMGRlJTIwbm9zb3Ryb3MlMjBtaXNtb3MlMjBhJTIwdHJhdiVDMyVBOXMlMjBkZSUyMGxhcyUyMGFydGVzJTIwJTI4dGVhdHJvJTJDJTIwbSVDMyVCQXNpY2ElMkMlMjBjaW5lJTIweSUyRnUlMjBvdHJhcyUyMGRpc2NpcGxpbmFzJTI5JTIwZXMlMjB1bmElMjB2JUMzJUFEYSUyMGhhY2lhJTIwbGElMjB0b2xlcmFuY2lhJTIweSUyMGVsJTIwY2FtYmlvJTIwc29jaWFsLiUzQyUyRnAlM0UlMEElM0MlMkZkaXYlM0UlMEElM0MlMkZkaXYlM0U=[\/vc_raw_html][\/vc_column][\/vc_row][vc_row full_width=\u00bbstretch_row_content_no_spaces\u00bb css=\u00bb.vc_custom_1687961559892{margin-top: -35px !important;}\u00bb el_class=\u00bbfilas-proyectos\u00bb][vc_column width=\u00bb1\/4&#8243;][vc_raw_html]JTNDZGl2JTIwY2xhc3MlM0QlMjJibG9xdWUtcHJveWVjdG8lMjIlM0UlMEElM0NpbWclMjBzcmMlM0QlMjIlMkZ3cC1jb250ZW50JTJGdXBsb2FkcyUyRjIwMjMlMkYwNiUyRm5vbW1vbnR1LXByb3llY3RvLTQuanBnJTIyJTNFJTBBJTNDZGl2JTIwY2xhc3MlM0QlMjJibG9xdWUtcHJveWVjdG8tY29udGVuaWRvJTIyJTNFJTBBJTNDaDMlM0VDUkVBTU9TJTIwWSUyMEZPUlRBTEVDRU1PUyUyMEVMJTIwQklFTkVTVEFSJTNDJTJGaDMlM0UlMEElM0NwJTNFVGVuZW1vcyUyMHVuYSUyMHBlcXVlJUMzJUIxYSUyMGNhcnRlcmElMjBkZSUyMHN1YnZlbmNpb25lcyUyMGVuZm9jYWRhcyUyMGVuJTIwYWN0aXZpZGFkZXMlMjBwYXJhJTIwbGElMjBtZWpvcmElMjBkZWwlMjBiaWVuZXN0YXIlMkMlMjB0YWxlcyUyMGNvbW8lMjBsYSUyMG1lZGl0YWNpJUMzJUIzbiUyMHklMjBsYSUyMGF0ZW5jaSVDMyVCM24lMjBwbGVuYS4lMjBOdWVzdHJvJTIwb2JqZXRpdm8lMjBlcyUyMG51dHJpciUyMGhhYmlsaWRhZGVzJTIwcGFyYSUyMHF1ZSUyMHBlcnNvbmFzJTIwYWZlY3RhZGFzJTIwcG9yJTIwY3VhbHF1aWVyJTIwdGlwbyUyMGRlJTIwdmlvbGVuY2lhJTIweSUyRm8lMjBkZXNwbGF6YW1pZW50b3MlMjBwdWVkYW4lMjBhdW1lbnRhciUyMHN1JTIwYmllbmVzdGFyJTJDJTIwY29uc2VndWlyJTIwcXVlJTIwc2UlMjBzaWVudGFuJTIwdW4lMjBwb3F1aXRvJTIwbWVqb3IuJTNDJTJGcCUzRSUwQSUzQyUyRmRpdiUzRSUwQSUzQyUyRmRpdiUzRQ==[\/vc_raw_html][\/vc_column][vc_column width=\u00bb1\/4&#8243;][vc_raw_html]JTNDZGl2JTIwY2xhc3MlM0QlMjJibG9xdWUtcHJveWVjdG8lMjIlM0UlMEElM0NpbWclMjBzcmMlM0QlMjIlMkZ3cC1jb250ZW50JTJGdXBsb2FkcyUyRjIwMjMlMkYwNiUyRm5vbW1vbnR1LXByb3llY3RvLTUuanBnJTIyJTNFJTBBJTNDZGl2JTIwY2xhc3MlM0QlMjJibG9xdWUtcHJveWVjdG8tY29udGVuaWRvJTIyJTNFJTBBJTNDaDMlM0VQUk9URUdFTU9TJTIwQUwlMjBNRURJTyUyMEFNQklFTlRFJTIwWSUyMFNPTU9TJTIwQ09OU0NJRU5URVMlMjBERSUyMFNVJTIwSU1QT1JUQU5DSUElM0MlMkZoMyUzRSUwQSUzQ3AlM0VPdHJvJTIwZGUlMjBudWVzdHJvcyUyMG9iamV0aXZvcyUyMGVzJTIwZWwlMjBzb3BvcnRlJTIwYSUyMGxhcyUyMG9yZ2FuaXphY2lvbmVzJTIwcXVlJTIwdHJhYmFqYW4lMjBwYXJhJTIwbWVqb3JhciUyMGxhJTIwc2FsdWQlMjBkZWwlMjBtZWRpbyUyMGFtYmllbnRlJTIweSUyMHF1ZSUyMHByb3BvcmNpb25hbiUyMGElMjBsYXMlMjBjb211bmlkYWRlcyUyMGhlcnJhbWllbnRhcyUyMGRlJTIwZ2VzdGklQzMlQjNuJTIwcGFyYSUyMHJlZHVjaXIlMjB5JTIwcHJlcGFyYXJzZSUyMHBhcmElMjBsb3MlMjBlZmVjdG9zJTIwZGVsJTIwY2FtYmlvJTIwY2xpbSVDMyVBMXRpY28uJTNDJTJGcCUzRSUwQSUzQyUyRmRpdiUzRSUwQSUzQyUyRmRpdiUzRQ==[\/vc_raw_html][\/vc_column][vc_column width=\u00bb1\/4&#8243;][vc_raw_html]JTNDZGl2JTIwY2xhc3MlM0QlMjJibG9xdWUtcHJveWVjdG8lMjIlM0UlMEElM0NpbWclMjBzcmMlM0QlMjIlMkZ3cC1jb250ZW50JTJGdXBsb2FkcyUyRjIwMjMlMkYwNiUyRm5vbW1vbnR1LXByb3llY3RvLTcuanBnJTIyJTNFJTBBJTNDZGl2JTIwY2xhc3MlM0QlMjJibG9xdWUtcHJveWVjdG8tY29udGVuaWRvJTIyJTNFJTBBJTNDaDMlM0VQcm90ZWdlbW9zJTIwYSUyMGxvcyUyMGFuaW1hbGVzJTNDJTJGaDMlM0UlMEElM0NwJTNFTm9zJTIwZGVkaWNhbW9zJTIwYSUyMHByb3RlZ2VyJTIwYSUyMGxvcyUyMGFuaW1hbGVzJTJDJTIwc29icmUlMjB0b2RvJTIwYSUyMGxvcyUyMHBlcnJvcyUyMGFiYW5kb25hZG9zJTIwbyUyMG1hbHRyYXRhZG9zJTJDJTIweSUyMGxvcyUyMGVjb3Npc3RlbWFzJTIwZGUlMjBsb3MlMjBxdWUlMjBkZXBlbmRlbi4lM0MlMkZwJTNFJTBBJTNDJTJGZGl2JTNFJTBBJTNDJTJGZGl2JTNF[\/vc_raw_html][\/vc_column][vc_column width=\u00bb1\/4&#8243;][vc_raw_html]JTNDZGl2JTIwY2xhc3MlM0QlMjJibG9xdWUtcHJveWVjdG8lMjIlM0UlMEElM0NpbWclMjBzcmMlM0QlMjIlMkZ3cC1jb250ZW50JTJGdXBsb2FkcyUyRjIwMjMlMkYwNiUyRm5vbW1vbnR1LXByb3llY3RvLTYuanBnJTIyJTNFJTBBJTNDZGl2JTIwY2xhc3MlM0QlMjJibG9xdWUtcHJveWVjdG8tY29udGVuaWRvJTIyJTNFJTBBJTNDaDMlM0VDT05UQU1PUyUyMENPTiUyMEZPTkRPUyUyMERJU0NSRUNJT05BTEVTJTIwWSUyMFBBUkElMjBJTklDSUFUSVZBUyUyMEVTUEVDSUFMRVMlM0MlMkZoMyUzRSUwQSUzQ3AlM0VDb21vJTIwcGFydGUlMjBkZSUyMG51ZXN0cmElMjBsYWJvciUyMGh1bWFuaXRhcmlhJTJDJTIwcmVzZXJ2YW1vcyUyMGZvbmRvcyUyMHBhcmElMjBwb2RlciUyMHJlc3BvbmRlciUyMGFudGUlMjB1bmElMjBlbWVyZ2VuY2lhJTIwZW4lMjBudWVzdHJhcyUyMHpvbmFzJTIwZ2VvZ3IlQzMlQTFmaWNhcyUyMHByaW9yaXRhcmlhcy4lMjBEZW50cm8lMjBkZSUyMG51ZXN0cmElMjBiJUMzJUJBc3F1ZWRhJTIwZGUlMjBsYSUyMGp1c3RpY2lhJTIweSUyMGRlbCUyMGNhbWJpbyUyMHNvY2lhbCUyQyUyMGNvbnNpZGVyYW1vcyUyMGxhcyUyMGluaWNpYXRpdmFzJTIwZmlsYW50ciVDMyVCM3BpY2FzJTIwdW5hJTIwcGFydGUlMjBpbnRlZ3JhbCUyMGRlJTIwbnVlc3RyYSUyMG1pc2klQzMlQjNuJTJDJTIwcG9yJTIwbG8lMjBxdWUlMjBmYXZvcmVjZW1vcyUyMHklMjBub3MlMjBzb2xpZGFyaXphbW9zJTIwY29uJTIwbGFzJTIwb3JnYW5pemFjaW9uZXMlMjBkZWRpY2FkYXMlMjBhJTIwZXN0ZSUyMGNhbXBvLiUyMExhJTIwaHVtYW5pZGFkJTJDJTIwZW50ZW5kaWRhJTIwZW4lMjBlbCUyMHNlbnRpZG8lMjBtJUMzJUExcyUyMGFtcGxpbyUyQyUyMGVzJTIwbnVlc3RyYSUyMHJheiVDMyVCM24lMjBkZSUyMHNlci4lM0MlMkZwJTNFJTBBJTNDJTJGZGl2JTNFJTBBJTNDJTJGZGl2JTNF[\/vc_raw_html][\/vc_column][\/vc_row]<\/p>\n","protected":false},"excerpt":{"rendered":"<p>[vc_column_text css=\u00bb.vc_custom_1696435042405{padding-top: 50px !important;}\u00bb] CONCESI\u00d3N DE SUBVENCIONES Intentamos siempre dirigir nuestras subvenciones y ayudas a organizaciones que est\u00e9n alineadas con nuestras prioridades y que demuestren una organizaci\u00f3n interna correcta. Concedemos subvenciones principalmente a organizaciones comunitarias de Oriente Medio [&hellip;]<\/p>\n","protected":false},"author":1,"featured_media":0,"parent":0,"menu_order":0,"comment_status":"closed","ping_status":"closed","template":"template-fullwidth.php","meta":[],"_links":{"self":[{"href":"https:\/\/nommontu.org\/es\/wp-json\/wp\/v2\/pages\/2761"}],"collection":[{"href":"https:\/\/nommontu.org\/es\/wp-json\/wp\/v2\/pages"}],"about":[{"href":"https:\/\/nommontu.org\/es\/wp-json\/wp\/v2\/types\/page"}],"author":[{"embeddable":true,"href":"https:\/\/nommontu.org\/es\/wp-json\/wp\/v2\/users\/1"}],"replies":[{"embeddable":true,"href":"https:\/\/nommontu.org\/es\/wp-json\/wp\/v2\/comments?post=2761"}],"version-history":[{"count":10,"href":"https:\/\/nommontu.org\/es\/wp-json\/wp\/v2\/pages\/2761\/revisions"}],"predecessor-version":[{"id":2949,"href":"https:\/\/nommontu.org\/es\/wp-json\/wp\/v2\/pages\/2761\/revisions\/2949"}],"wp:attachment":[{"href":"https:\/\/nommontu.org\/es\/wp-json\/wp\/v2\/media?parent=2761"}],"curies":[{"name":"wp","href":"https:\/\/api.w.org\/{rel}","templated":true}]}}