{"id":2652,"date":"2016-11-09T09:52:23","date_gmt":"2016-11-09T09:52:23","guid":{"rendered":"https:\/\/nommontu.largosmile.es\/our-portfolio"},"modified":"2024-02-06T15:49:49","modified_gmt":"2024-02-06T15:49:49","slug":"notre-portefeuille","status":"publish","type":"page","link":"https:\/\/nommontu.org\/fr\/notre-portefeuille","title":{"rendered":"Notre portefeuille"},"content":{"rendered":"<p>[vc_row full_width=\u00a0\u00bbstretch_row\u00a0\u00bb css=\u00a0\u00bb.vc_custom_1685351755161{margin-top: -30px !important;margin-bottom: 0px !important;padding-top: 150px !important;padding-bottom: 150px !important;background-color: #bba593 !important;}\u00a0\u00bb][vc_column width=\u00a0\u00bb1\/4&Prime;][\/vc_column][vc_column width=\u00a0\u00bb1\/2&Prime;][vc_column_text]<\/p>\n<h1 style=\"text-align: center; color: #fff;\">NOTRE PORTEFEUILLE<\/h1>\n<p>[\/vc_column_text][vc_column_text css=\u00a0\u00bb.vc_custom_1696434233342{padding-top: 50px !important;}\u00a0\u00bb]<\/p>\n<h3 style=\"text-align: center; color: #fff;\">OCTROI DE SUBVENTIONS<\/h3>\n<p style=\"text-align: center; color: #fff;\">Nous identifions nos partenaires subventionn\u00e9s en fonction de leur alignement sur les priorit\u00e9s de la fondation et de la diligence interne. Nous accordons des subventions principalement \u00e0 des organisations communautaires au Moyen-Orient et en Afrique de l&rsquo;Ouest, dans les domaines suivants:<\/p>\n<p>[\/vc_column_text][\/vc_column][vc_column width=\u00a0\u00bb1\/4&Prime;][\/vc_column][\/vc_row][vc_row full_width=\u00a0\u00bbstretch_row_content_no_spaces\u00a0\u00bb css=\u00a0\u00bb.vc_custom_1687962041392{margin-top: -35px !important;}\u00a0\u00bb el_class=\u00a0\u00bbfilas-proyectos\u00a0\u00bb][vc_column width=\u00a0\u00bb1\/3&Prime;][vc_raw_html]JTNDZGl2JTIwY2xhc3MlM0QlMjJibG9xdWUtcHJveWVjdG8lMjIlM0UlMEElM0NpbWclMjBzcmMlM0QlMjIlMkZ3cC1jb250ZW50JTJGdXBsb2FkcyUyRjIwMjMlMkYwNiUyRm5vbW1vbnR1LXByb3llY3RvLTEuanBnJTIyJTNFJTBBJTNDZGl2JTIwY2xhc3MlM0QlMjJibG9xdWUtcHJveWVjdG8tY29udGVuaWRvJTIyJTNFJTBBJTNDaDMlM0VQcm9tb3V2b2lyJTIwbGElMjBzYW50JUMzJUE5JTIwZXQlMjBsZXMlMjBkcm9pdHMlMjBkZSUyMGwlMjdob21tZSUyQyUyMGVuJTIwcGFydGljdWxpZXIlMjBwb3VyJTIwbGVzJTIwZmVtbWVzJTIwZXQlMjBsZXMlMjBmaWxsZXMlM0MlMkZoMyUzRSUwQSUzQ3AlM0VJbCUyMGVzdCUyMHByb3V2JUMzJUE5JTIwcXVlJTIwbG9yc3F1ZSUyMGxlcyUyMGZlbW1lcyUyMGV0JTIwbGVzJTIwZmlsbGVzJTIwb250JTIwYWNjJUMzJUE4cyUyMCVDMyVBMCUyMHVuZSUyMCVDMyVBOWR1Y2F0aW9uJTIwZGUlMjBxdWFsaXQlQzMlQTklMkMlMjAlQzMlQTAlMjBkZXMlMjBzb2lucyUyMGRlJTIwc2FudCVDMyVBOSUyMGV0JTIwJUMzJUEwJTIwZGVzJTIwb3Bwb3J0dW5pdCVDMyVBOXMlMjAlQzMlQTljb25vbWlxdWVzJTJDJTIwY2VzJTIwcGVyc29ubmVzJTJDJTIwbGV1cnMlMjBmYW1pbGxlcyUyMGV0JTIwbGV1cnMlMjBjb21tdW5hdXQlQzMlQTlzJTIwcHJvc3AlQzMlQThyZW50LiUyME5vdHJlJTIwZmluYW5jZW1lbnQlMjBzZSUyMGNvbmNlbnRyZSUyMHN1ciUyMGRlcyUyMGludGVydmVudGlvbnMlMjBxdWklMjBlbmwlQzMlQTh2ZW50JTIwbGVzJTIwYmFycmklQzMlQThyZXMlMjBldCUyMGxlcyUyMG9ic3RhY2xlcyUyMHBvdXIlMjBsZXMlMjBmZW1tZXMlMjBldCUyMGxlcyUyMGZpbGxlcyUyMGF1JTIwbml2ZWF1JTIwZGUlMjBsYSUyMGNvbW11bmF1dCVDMyVBOS4lM0MlMkZwJTNFJTBBJTNDJTJGZGl2JTNFJTBBJTNDJTJGZGl2JTNF[\/vc_raw_html][\/vc_column][vc_column width=\u00a0\u00bb1\/3&Prime;][vc_raw_html]JTNDZGl2JTIwY2xhc3MlM0QlMjJibG9xdWUtcHJveWVjdG8lMjIlM0UlMEElM0NpbWclMjBzcmMlM0QlMjIlMkZ3cC1jb250ZW50JTJGdXBsb2FkcyUyRjIwMjMlMkYwNiUyRm5vbW1vbnR1LXByb3llY3RvLTIuanBnJTIyJTNFJTBBJTNDZGl2JTIwY2xhc3MlM0QlMjJibG9xdWUtcHJveWVjdG8tY29udGVuaWRvJTIyJTNFJTBBJTNDaDMlM0VTb3V0aWVuJTIwYXV4JTIwciVDMyVBOWZ1Z2klQzMlQTlzJTIwZXQlMjBhdXRyZXMlMjBwb3B1bGF0aW9ucyUyMGQlQzMlQTlwbGFjJUMzJUE5ZXMlM0MlMkZoMyUzRSUwQSUzQ3AlM0VOb3VzJTIwbm91cyUyMGNvbmNlbnRyb25zJTIwc3VyJTIwbGUlMjBzb3V0aWVuJTIwYXV4JTIwb3JnYW5pc2F0aW9ucyUyMHF1aSUyMGFjY3VlaWxsZW50JTIwZXQlMjBmb3Vybmlzc2VudCUyMGRlcyUyMHNlcnZpY2VzJTIwYXV4JTIwciVDMyVBOWZ1Z2klQzMlQTlzJTIwZXQlMjBhdXRyZXMlMjBwZXJzb25uZXMlMjBkJUMzJUE5cGxhYyVDMyVBOWVzJTIwZW4lMjBwcm92ZW5hbmNlJTIwZGUlMjBwYXlzJTIwZCVDMyVBOWNoaXIlQzMlQTlzJTIwcGFyJTIwbGElMjBndWVycmUuJTIwTm91cyUyMHNvbW1lcyUyMHBhcnRpY3VsaSVDMyVBOHJlbWVudCUyMGludCVDMyVBOXJlc3MlQzMlQTlzJTIwcGFyJTIwbGUlMjBzb3V0aWVuJTIwJUMzJUEwJTIwbGElMjBzJUMzJUE5Y3VyaXQlQzMlQTklMjBldCUyMGF1eCUyMG1veWVucyUyMGRlJTIwc3Vic2lzdGFuY2UlMjBkZXMlMjBmZW1tZXMlMjBldCUyMGRlcyUyMGZpbGxlcyUyMGQlQzMlQTlwbGFjJUMzJUE5ZXMuJTNDJTJGcCUzRSUwQSUzQyUyRmRpdiUzRSUwQSUzQyUyRmRpdiUzRQ==[\/vc_raw_html][\/vc_column][vc_column width=\u00a0\u00bb1\/3&Prime;][vc_raw_html]JTNDZGl2JTIwY2xhc3MlM0QlMjJibG9xdWUtcHJveWVjdG8lMjIlM0UlMEElM0NpbWclMjBzcmMlM0QlMjIlMkZ3cC1jb250ZW50JTJGdXBsb2FkcyUyRjIwMjMlMkYwNiUyRm5vbW1vbnR1LXByb3llY3RvLTMuanBnJTIyJTNFJTBBJTNDZGl2JTIwY2xhc3MlM0QlMjJibG9xdWUtcHJveWVjdG8tY29udGVuaWRvJTIyJTNFJTBBJTNDaDMlM0VDdWx0aXZlciUyMGxlcyUyMGFydGlzdGVzJTIwZXQlMjBsZXMlMjBjb250ZXVycyUzQyUyRmgzJTNFJTBBJTNDcCUzRURhbnMlMjBsYSUyMG1lc3VyZSUyMGR1JTIwcG9zc2libGUlMkMlMjBub3VzJTIwY2hlcmNob25zJTIwJUMzJUEwJTIwJUMzJUE5dGFibGlyJTIwZGVzJTIwbGllbnMlMjBhdmVjJTIwbGVzJTIwYXJ0cyUyMGV0JTIwJUMzJUEwJTIwZCVDMyVBOXRlcm1pbmVyJTIwY29tbWVudCUyMGwlMjdleHByZXNzaW9uJTIwZGUlMjBzb2klMjBwYXIlMjBsZSUyMGJpYWlzJTIwZHUlMjB0aCVDMyVBOSVDMyVBMnRyZSUyQyUyMGRlJTIwbGElMjBtdXNpcXVlJTJDJTIwZHUlMjBjaW4lQzMlQTltYSUyMGV0JTJGb3UlMjBkJTI3YXV0cmVzJTIwZGlzY2lwbGluZXMlMjBzb3V0aWVudCUyMGwlMjdlc3ByaXQlMjBodW1haW4lMkMlMjByZW5mb3JjZSUyMGxhJTIwdG9sJUMzJUE5cmFuY2UlMjBldCUyMGNyJUMzJUE5ZSUyMHVuJTIwZGlhbG9ndWUlMjBjb25zdHJ1Y3RpZiUyMGVuJTIwdnVlJTIwZCUyN3VuJTIwY2hhbmdlbWVudCUyMHNvY2lhbC4lM0MlMkZwJTNFJTBBJTNDJTJGZGl2JTNFJTBBJTNDJTJGZGl2JTNF[\/vc_raw_html][\/vc_column][\/vc_row][vc_row full_width=\u00a0\u00bbstretch_row_content_no_spaces\u00a0\u00bb css=\u00a0\u00bb.vc_custom_1687961559892{margin-top: -35px !important;}\u00a0\u00bb el_class=\u00a0\u00bbfilas-proyectos\u00a0\u00bb][vc_column width=\u00a0\u00bb1\/4&Prime;][vc_raw_html]JTNDZGl2JTIwY2xhc3MlM0QlMjJibG9xdWUtcHJveWVjdG8lMjIlM0UlMEElM0NpbWclMjBzcmMlM0QlMjIlMkZ3cC1jb250ZW50JTJGdXBsb2FkcyUyRjIwMjMlMkYwNiUyRm5vbW1vbnR1LXByb3llY3RvLTQuanBnJTIyJTNFJTBBJTNDZGl2JTIwY2xhc3MlM0QlMjJibG9xdWUtcHJveWVjdG8tY29udGVuaWRvJTIyJTNFJTBBJTNDaDMlM0VBbSVDMyVBOWxpb3JlciUyMGxlJTIwYmllbi0lQzMlQUF0cmUlM0MlMkZoMyUzRSUwQSUzQ3AlM0VOb3VzJTIwbWFpbnRlbm9ucyUyMHVuJTIwcGV0aXQlMjBwb3J0ZWZldWlsbGUlMjBkZSUyMHN1YnZlbnRpb25zJTIwYXglQzMlQTllcyUyMHN1ciUyMGxlJTIwc291dGllbiUyMGF1JTIwYmllbi0lQzMlQUF0cmUlMkMlMjB5JTIwY29tcHJpcyUyMGxhJTIwbSVDMyVBOWRpdGF0aW9uJTIwZXQlMjBsZXMlMjBwcmF0aXF1ZXMlMjBkZSUyMHBsZWluZSUyMGNvbnNjaWVuY2UlMkMlMjBkYW5zJTIwbGUlMjBidXQlMjBwYXJ0aWN1bGllciUyMGQlMjdhcHBvcnRlciUyMGNlcyUyMGludGVydmVudGlvbnMlMjBhdXglMjBwZXJzb25uZXMlMjBvdSUyMGF1eCUyMGNvbW11bmF1dCVDMyVBOXMlMjB0b3VjaCVDMyVBOWVzJTIwcGFyJTIwbGElMjB2aW9sZW5jZSUyMGV0JTJGb3UlMjBsZSUyMGQlQzMlQTlwbGFjZW1lbnQuJTNDJTJGcCUzRSUwQSUzQyUyRmRpdiUzRSUwQSUzQyUyRmRpdiUzRQ==[\/vc_raw_html][\/vc_column][vc_column width=\u00a0\u00bb1\/4&Prime;][vc_raw_html]JTNDZGl2JTIwY2xhc3MlM0QlMjJibG9xdWUtcHJveWVjdG8lMjIlM0UlMEElM0NpbWclMjBzcmMlM0QlMjIlMkZ3cC1jb250ZW50JTJGdXBsb2FkcyUyRjIwMjMlMkYwNiUyRm5vbW1vbnR1LXByb3llY3RvLTUuanBnJTIyJTNFJTBBJTNDZGl2JTIwY2xhc3MlM0QlMjJibG9xdWUtcHJveWVjdG8tY29udGVuaWRvJTIyJTNFJTBBJTNDaDMlM0VQcm90JUMzJUE5Z2VyJTIwbCUyN2Vudmlyb25uZW1lbnQlM0MlMkZoMyUzRSUwQSUzQ3AlM0VOb3VzJTIwc291dGVub25zJTIwZGVzJTIwb3JnYW5pc2F0aW9ucyUyMHF1aSUyMGFtJUMzJUE5bGlvcmVudCUyMGxhJTIwc2FudCVDMyVBOSUyMGRlJTIwbm90cmUlMjBlbnZpcm9ubmVtZW50JTIwZXQlMjBhaWRlbnQlMjBsZXMlMjBjb21tdW5hdXQlQzMlQTlzJTIwJUMzJUEwJTIwciVDMyVBOWR1aXJlJTIwbGVzJTIwZWZmZXRzJTIwZHUlMjBjaGFuZ2VtZW50JTIwY2xpbWF0aXF1ZSUyMGV0JTIwJUMzJUEwJTIwcyUyN3klMjBwciVDMyVBOXBhcmVyJTJDJTIwZXQlMjBxdWklMjBwcm90JUMzJUE4Z2VudCUyMGxlcyUyMGFuaW1hdXglMjBldCUyMGxlcyUyMCVDMyVBOWNvc3lzdCVDMyVBOG1lcyUyMGRvbnQlMjBjZXMlMjBjb21tdW5hdXQlQzMlQTlzJTIwZCVDMyVBOXBlbmRlbnQlM0MlMkZwJTNFJTBBJTNDJTJGZGl2JTNFJTBBJTNDJTJGZGl2JTNF[\/vc_raw_html][\/vc_column][vc_column width=\u00a0\u00bb1\/4&Prime;][vc_raw_html]JTNDZGl2JTIwY2xhc3MlM0QlMjJibG9xdWUtcHJveWVjdG8lMjIlM0UlMEElM0NpbWclMjBzcmMlM0QlMjIlMkZ3cC1jb250ZW50JTJGdXBsb2FkcyUyRjIwMjMlMkYwNiUyRm5vbW1vbnR1LXByb3llY3RvLTcuanBnJTIyJTNFJTBBJTNDZGl2JTIwY2xhc3MlM0QlMjJibG9xdWUtcHJveWVjdG8tY29udGVuaWRvJTIyJTNFJTBBJTNDaDMlM0VQcm90JUMzJUE5Z2VyJTIwbGVzJTIwYW5pbWF1eCUzQyUyRmgzJTNFJTBBJTNDcCUzRU5vdXMlMjBub3VzJTIwY29uc2Fjcm9ucyUyMCVDMyVBMCUyMGxhJTIwcHJvdGVjdGlvbiUyMGRlcyUyMGFuaW1hdXglMkMlMjBlbiUyMHBhcnRpY3VsaWVyJTIwZGVzJTIwY2hpZW5zJTIwYWJhbmRvbm4lQzMlQTlzJTIwb3UlMjBtYWx0cmFpdCVDMyVBOXMlMkMlMjBldCUyMGRlcyUyMCVDMyVBOWNvc3lzdCVDMyVBOG1lcyUyMGRvbnQlMjBpbHMlMjBkJUMzJUE5cGVuZGVudCUzQyUyRnAlM0UlMEElM0MlMkZkaXYlM0UlMEElM0MlMkZkaXYlM0U=[\/vc_raw_html][\/vc_column][vc_column width=\u00a0\u00bb1\/4&Prime;][vc_raw_html]JTNDZGl2JTIwY2xhc3MlM0QlMjJibG9xdWUtcHJveWVjdG8lMjIlM0UlMEElM0NpbWclMjBzcmMlM0QlMjIlMkZ3cC1jb250ZW50JTJGdXBsb2FkcyUyRjIwMjMlMkYwNiUyRm5vbW1vbnR1LXByb3llY3RvLTYuanBnJTIyJTNFJTBBJTNDZGl2JTIwY2xhc3MlM0QlMjJibG9xdWUtcHJveWVjdG8tY29udGVuaWRvJTIyJTNFJTBBJTNDaDMlM0VGaW5hbmNlbWVudCUyMGRpc2NyJUMzJUE5dGlvbm5haXJlJTIwZXQlMjBpbml0aWF0aXZlcyUyMHNwJUMzJUE5Y2lhbGVzJTNDJTJGaDMlM0UlMEElM0NwJTNFQ29tcHRlJTIwdGVudSUyMGRlJTIwbm90cmUlMjBpbnQlQzMlQTlyJUMzJUFBdCUyMHBvdXIlMjBsYSUyMHNhbnQlQzMlQTklMkMlMjBsZXMlMjBkcm9pdHMlMjBkZSUyMGwlMjdob21tZSUyMGV0JTIwbGVzJTIwcG9wdWxhdGlvbnMlMjBkJUMzJUE5cGxhYyVDMyVBOWVzJTJDJTIwbm91cyUyMHIlQzMlQTlzZXJ2b25zJTIwZGVzJTIwZm9uZHMlMjBwb3VyJTIwciVDMyVBOXBvbmRyZSUyMGF1eCUyMHNpdHVhdGlvbnMlMjBkJTI3dXJnZW5jZSUyMGRhbnMlMjBub3MlMjB6b25lcyUyMGclQzMlQTlvZ3JhcGhpcXVlcyUyMHByaW9yaXRhaXJlcy4lMjBOb3VzJTIwc291dGVub25zJTIwJUMzJUE5Z2FsZW1lbnQlMjB1biUyMHNlY3RldXIlMjBwaGlsYW50aHJvcGlxdWUlMjBzYWluJTIwZXQlMjBlZmZpY2FjZSUyMGVuJTIwc291dGVuYW50JTIwbGVzJTIwb3JnYW5pc2F0aW9ucyUyMHF1aSUyMHNlJTIwY29uc2FjcmVudCUyMGF1JTIwZCVDMyVBOXZlbG9wcGVtZW50JTIwZXQlMjBhdSUyMHJlbmZvcmNlbWVudCUyMGRlJTIwY2UlMjBzZWN0ZXVyLiUzQyUyRnAlM0UlMEElM0MlMkZkaXYlM0UlMEElM0MlMkZkaXYlM0U=[\/vc_raw_html][\/vc_column][\/vc_row]<\/p>\n","protected":false},"excerpt":{"rendered":"<p>[vc_column_text css=\u00a0\u00bb.vc_custom_1696434233342{padding-top: 50px !important;}\u00a0\u00bb] OCTROI DE SUBVENTIONS Nous identifions nos partenaires subventionn\u00e9s en fonction de leur alignement sur les priorit\u00e9s de la fondation et de la diligence interne. Nous accordons des subventions principalement \u00e0 des organisations communautaires au [&hellip;]<\/p>\n","protected":false},"author":1,"featured_media":0,"parent":0,"menu_order":0,"comment_status":"closed","ping_status":"closed","template":"template-fullwidth.php","meta":[],"_links":{"self":[{"href":"https:\/\/nommontu.org\/fr\/wp-json\/wp\/v2\/pages\/2652"}],"collection":[{"href":"https:\/\/nommontu.org\/fr\/wp-json\/wp\/v2\/pages"}],"about":[{"href":"https:\/\/nommontu.org\/fr\/wp-json\/wp\/v2\/types\/page"}],"author":[{"embeddable":true,"href":"https:\/\/nommontu.org\/fr\/wp-json\/wp\/v2\/users\/1"}],"replies":[{"embeddable":true,"href":"https:\/\/nommontu.org\/fr\/wp-json\/wp\/v2\/comments?post=2652"}],"version-history":[{"count":9,"href":"https:\/\/nommontu.org\/fr\/wp-json\/wp\/v2\/pages\/2652\/revisions"}],"predecessor-version":[{"id":2947,"href":"https:\/\/nommontu.org\/fr\/wp-json\/wp\/v2\/pages\/2652\/revisions\/2947"}],"wp:attachment":[{"href":"https:\/\/nommontu.org\/fr\/wp-json\/wp\/v2\/media?parent=2652"}],"curies":[{"name":"wp","href":"https:\/\/api.w.org\/{rel}","templated":true}]}}